{"id":23,"date":"2021-08-10T00:21:57","date_gmt":"2021-08-10T00:21:57","guid":{"rendered":"https:\/\/fianzacredito.com.co\/net\/?page_id=23"},"modified":"2022-12-05T23:37:12","modified_gmt":"2022-12-05T23:37:12","slug":"servicios","status":"publish","type":"page","link":"https:\/\/fianzacredito.com.co\/net\/servicios\/","title":{"rendered":"Servicios"},"content":{"rendered":"\t\t<div data-elementor-type=\"wp-page\" data-elementor-id=\"23\" class=\"elementor elementor-23\">\n\t\t\t\t\t\t<section class=\"elementor-section elementor-top-section elementor-element elementor-element-c0cc72e elementor-section-full_width features-area pt-100 pb-75 elementor-section-height-default elementor-section-height-default\" data-id=\"c0cc72e\" data-element_type=\"section\">\n\t\t\t\t\t\t\t<div class=\"elementor-background-overlay\"><\/div>\n\t\t\t\t\t\t\t<div class=\"elementor-container elementor-column-gap-no\">\n\t\t\t\t\t<div class=\"elementor-column elementor-col-100 elementor-top-column elementor-element elementor-element-2bd3c43\" data-id=\"2bd3c43\" data-element_type=\"column\">\n\t\t\t<div class=\"elementor-widget-wrap elementor-element-populated\">\n\t\t\t\t\t\t<section class=\"elementor-section elementor-inner-section elementor-element elementor-element-d64d769 elementor-section-boxed elementor-section-height-default elementor-section-height-default\" data-id=\"d64d769\" data-element_type=\"section\">\n\t\t\t\t\t\t<div class=\"elementor-container elementor-column-gap-default\">\n\t\t\t\t\t<div class=\"elementor-column elementor-col-100 elementor-inner-column elementor-element elementor-element-a062c42\" data-id=\"a062c42\" data-element_type=\"column\">\n\t\t\t<div class=\"elementor-widget-wrap elementor-element-populated\">\n\t\t\t\t\t\t<div class=\"elementor-element elementor-element-6b07875 elementor-widget elementor-widget-heading\" data-id=\"6b07875\" data-element_type=\"widget\" data-widget_type=\"heading.default\">\n\t\t\t\t<div class=\"elementor-widget-container\">\n\t\t\t<h2 class=\"elementor-heading-title elementor-size-default\">LINEAS DE FIANZA: <\/h2>\t\t<\/div>\n\t\t\t\t<\/div>\n\t\t\t\t<div class=\"elementor-element elementor-element-d0b1b81 elementor-widget elementor-widget-text-editor\" data-id=\"d0b1b81\" data-element_type=\"widget\" data-widget_type=\"text-editor.default\">\n\t\t\t\t<div class=\"elementor-widget-container\">\n\t\t\t\t\t\t\t<p>El servicio de fianza se prestar\u00e1 de acuerdo con lo establecido y seg\u00fan los lineamientos establecidos por <strong>LA AFIANZADORA<\/strong> en el Reglamento Interno Operacional con c\u00f3digo FC-GE02, existiendo una l\u00ednea principal de afianzamiento y dos l\u00edneas secundarias que se prestar\u00e1n siempre y cuando se haya tomado la principal, salvo disposici\u00f3n expresa en contrario por parte de la Junta Directiva de <strong>LA AFIANZADORA<\/strong>.<\/p>\t\t\t\t\t\t<\/div>\n\t\t\t\t<\/div>\n\t\t\t\t\t<\/div>\n\t\t<\/div>\n\t\t\t\t\t<\/div>\n\t\t<\/section>\n\t\t\t\t\t<\/div>\n\t\t<\/div>\n\t\t\t\t\t<\/div>\n\t\t<\/section>\n\t\t\t\t<section class=\"elementor-section elementor-top-section elementor-element elementor-element-8ca5093 elementor-section-boxed elementor-section-height-default elementor-section-height-default\" data-id=\"8ca5093\" data-element_type=\"section\">\n\t\t\t\t\t\t<div class=\"elementor-container elementor-column-gap-default\">\n\t\t\t\t\t<div class=\"elementor-column elementor-col-50 elementor-top-column elementor-element elementor-element-007b924\" data-id=\"007b924\" data-element_type=\"column\">\n\t\t\t<div class=\"elementor-widget-wrap elementor-element-populated\">\n\t\t\t\t\t\t<div class=\"elementor-element elementor-element-74aec41 elementor-widget elementor-widget-heading\" data-id=\"74aec41\" data-element_type=\"widget\" data-widget_type=\"heading.default\">\n\t\t\t\t<div class=\"elementor-widget-container\">\n\t\t\t<h2 class=\"elementor-heading-title elementor-size-default\">LINEA PRINCIPAL<\/h2>\t\t<\/div>\n\t\t\t\t<\/div>\n\t\t\t\t<div class=\"elementor-element elementor-element-b1a9c6e elementor-widget elementor-widget-text-editor\" data-id=\"b1a9c6e\" data-element_type=\"widget\" data-widget_type=\"text-editor.default\">\n\t\t\t\t<div class=\"elementor-widget-container\">\n\t\t\t\t\t\t\t<p><strong><u>Servicio de Fianza de arrendamiento:<\/u><\/strong> <strong>\u00a0<\/strong>Consiste en pagar a los Administradores Inmobiliarios los c\u00e1nones de arrendamiento cuando los Arrendatarios incumplan dicha obligaci\u00f3n contractual, hasta tanto se obtenga la restituci\u00f3n material del inmueble o como m\u00e1ximo por un periodo consecutivo de treinta y seis meses (36) meses, a partir de la fecha de constituci\u00f3n en mora .En cumplimiento de las normas tributarias, cuando el contrato de arrendamiento de comercio sea gravado con IVA, este valor ser\u00e1 afianzado siempre y cuando dentro del contrato de arrendamiento se incluya dicho impuesto como obligaci\u00f3n del arrendatario y el mismo sea indicado de manera independiente al canon dentro del formato de solicitud de ingreso a la fianza o en el evento que durante la ejecuci\u00f3n del contrato cambie el r\u00e9gimen tributario.<\/p>\t\t\t\t\t\t<\/div>\n\t\t\t\t<\/div>\n\t\t\t\t\t<\/div>\n\t\t<\/div>\n\t\t\t\t<div class=\"elementor-column elementor-col-50 elementor-top-column elementor-element elementor-element-dcbb997\" data-id=\"dcbb997\" data-element_type=\"column\">\n\t\t\t<div class=\"elementor-widget-wrap elementor-element-populated\">\n\t\t\t\t\t\t<div class=\"elementor-element elementor-element-6a50b48 elementor-widget elementor-widget-heading\" data-id=\"6a50b48\" data-element_type=\"widget\" data-widget_type=\"heading.default\">\n\t\t\t\t<div class=\"elementor-widget-container\">\n\t\t\t<h2 class=\"elementor-heading-title elementor-size-default\">L\u00cdNEAS SECUNDARIAS <\/h2>\t\t<\/div>\n\t\t\t\t<\/div>\n\t\t\t\t<div class=\"elementor-element elementor-element-c4e12ea elementor-widget elementor-widget-text-editor\" data-id=\"c4e12ea\" data-element_type=\"widget\" data-widget_type=\"text-editor.default\">\n\t\t\t\t<div class=\"elementor-widget-container\">\n\t\t\t\t\t\t\t<p><strong><u>Servicio de fianza de cuotas de administraci\u00f3n<\/u><\/strong><strong>:<\/strong> Este servicio de fianza se otorgar\u00e1 siempre y cuando se haya afianzado el arrendamiento y solamente cuando el condominio tenga personer\u00eda jur\u00eddica.\u00a0 Se paga la cuota de administraci\u00f3n mensual junto con el canon de arrendamiento.\u00a0 Su costo mensual ser\u00e1 la sumatoria del canon m\u00e1s la cuota de administraci\u00f3n , a la cual se le aplicar\u00e1 la tarifa vigente para la fianza de arriendos.<\/p><p><strong><u>Servicio de fianza de servicios p\u00fablicos domiciliarios esenciales:<\/u><\/strong> Salvo que expresamente la Junta Directiva de LA AFIANZADORA disponga otra cosa, este servicio de fianza se otorgar\u00e1 siempre y cuando se haya afianzado el arrendamiento. La fianza de servicios p\u00fablicos cubre los servicios p\u00fablicos domiciliarios y se otorgar\u00e1 solo para servicios que tengan contadores independientes. Su costo es anual y se aplicar\u00e1 sobre la base afianzada la tarifa vigente para la fianza de servicios p\u00fablicos.<\/p>\t\t\t\t\t\t<\/div>\n\t\t\t\t<\/div>\n\t\t\t\t\t<\/div>\n\t\t<\/div>\n\t\t\t\t\t<\/div>\n\t\t<\/section>\n\t\t\t\t<section class=\"elementor-section elementor-top-section elementor-element elementor-element-ce8ab35 elementor-section-full_width pb-100 elementor-section-height-default elementor-section-height-default\" data-id=\"ce8ab35\" data-element_type=\"section\">\n\t\t\t\t\t\t<div class=\"elementor-container elementor-column-gap-no\">\n\t\t\t\t\t<div class=\"elementor-column elementor-col-100 elementor-top-column elementor-element elementor-element-3ca9149\" data-id=\"3ca9149\" data-element_type=\"column\">\n\t\t\t<div class=\"elementor-widget-wrap elementor-element-populated\">\n\t\t\t\t\t\t<div class=\"elementor-element elementor-element-a8f26eb elementor-widget elementor-widget-App_Download\" data-id=\"a8f26eb\" data-element_type=\"widget\" data-widget_type=\"App_Download.default\">\n\t\t\t\t<div class=\"elementor-widget-container\">\n\t\t\t\r\n                    <div class=\"app-download-area\">\r\n                <div class=\"container\">\r\n                    <div class=\"app-download-inner \">\r\n                        <div class=\"row align-items-center\">\r\n                            <div class=\"col-lg-6 col-md-12\">\r\n                                <div class=\"app-download-content\">\r\n                                    <span class=\"sub-title\">Cont\u00e1ctanos<\/span>\r\n                                    <h2 >Somos la evoluci\u00f3n del negocio inmobiliario<\/h2>\r\n                                    <p>Ofrecemos los servicios de fianzas de arriendos, servicios p\u00fablicos y cuotas de administraci\u00f3n en Ibagu\u00e9, Neiva y sus localidades vecinas.<\/p>\r\n                                    <div class=\"btn-box\">\r\n                                                                                    <a href=\"#\" class=\"playstore-btn\" target=\"_blank\">\r\n                                                                                                    <img decoding=\"async\" src=\"https:\/\/fianzacredito.com.co\/net\/wp-content\/uploads\/2022\/11\/whatsapp.png\" alt=\"Fianzacr\u00e9dito\">\r\n                                                                                                Llamanos                                                <span>Fianzacr\u00e9dito<\/span>\r\n                                            <\/a>\r\n                                        \r\n                                                                            <\/div>\r\n                                <\/div>\r\n                            <\/div>\r\n                            <div class=\"col-lg-6 col-md-12\">\r\n                                                                    <div class=\"app-download-image\" data-aos=\"fade-up\">\r\n                                        <img decoding=\"async\" src=\"https:\/\/fianzacredito.com.co\/net\/wp-content\/uploads\/2022\/11\/mujer2.png\" alt=\"Somos la evoluci\u00f3n del negocio inmobiliario\">\r\n                                    <\/div>\r\n                                                            <\/div>\r\n                        <\/div>\r\n\r\n                                                    <div class=\"shape5\"><img decoding=\"async\" src=\"https:\/\/fianzacredito.com.co\/net\/wp-content\/uploads\/2021\/08\/shape4.png\" alt=\"Somos la evoluci\u00f3n del negocio inmobiliario\"><\/div>\r\n                        \r\n                        <div class=\"lines\">\r\n                            <div class=\"line\"><\/div>\r\n                            <div class=\"line\"><\/div>\r\n                            <div class=\"line\"><\/div>\r\n                            <div class=\"line\"><\/div>\r\n                            <div class=\"line\"><\/div>\r\n                        <\/div>\r\n                    <\/div>\r\n                <\/div>\r\n            <\/div>\r\n        \r\n        \t\t<\/div>\n\t\t\t\t<\/div>\n\t\t\t\t\t<\/div>\n\t\t<\/div>\n\t\t\t\t\t<\/div>\n\t\t<\/section>\n\t\t\t\t<\/div>\n\t\t","protected":false},"excerpt":{"rendered":"<p>LINEAS DE FIANZA: El servicio de fianza se prestar\u00e1 de acuerdo con lo establecido y seg\u00fan los lineamientos establecidos por LA AFIANZADORA en el Reglamento Interno Operacional con c\u00f3digo FC-GE02, existiendo una l\u00ednea principal de afianzamiento y dos l\u00edneas secundarias que se prestar\u00e1n siempre y cuando se haya tomado la principal, salvo disposici\u00f3n expresa en <\/p>\n","protected":false},"author":1,"featured_media":0,"parent":0,"menu_order":0,"comment_status":"closed","ping_status":"closed","template":"","meta":{"_joinchat":[],"footnotes":""},"class_list":["post-23","page","type-page","status-publish","hentry"],"acf":[],"_links":{"self":[{"href":"https:\/\/fianzacredito.com.co\/net\/wp-json\/wp\/v2\/pages\/23","targetHints":{"allow":["GET"]}}],"collection":[{"href":"https:\/\/fianzacredito.com.co\/net\/wp-json\/wp\/v2\/pages"}],"about":[{"href":"https:\/\/fianzacredito.com.co\/net\/wp-json\/wp\/v2\/types\/page"}],"author":[{"embeddable":true,"href":"https:\/\/fianzacredito.com.co\/net\/wp-json\/wp\/v2\/users\/1"}],"replies":[{"embeddable":true,"href":"https:\/\/fianzacredito.com.co\/net\/wp-json\/wp\/v2\/comments?post=23"}],"version-history":[{"count":65,"href":"https:\/\/fianzacredito.com.co\/net\/wp-json\/wp\/v2\/pages\/23\/revisions"}],"predecessor-version":[{"id":2442,"href":"https:\/\/fianzacredito.com.co\/net\/wp-json\/wp\/v2\/pages\/23\/revisions\/2442"}],"wp:attachment":[{"href":"https:\/\/fianzacredito.com.co\/net\/wp-json\/wp\/v2\/media?parent=23"}],"curies":[{"name":"wp","href":"https:\/\/api.w.org\/{rel}","templated":true}]}}