{"id":13,"date":"2021-08-10T00:20:43","date_gmt":"2021-08-10T00:20:43","guid":{"rendered":"https:\/\/fianzacredito.com.co\/net\/?page_id=13"},"modified":"2022-12-06T21:05:59","modified_gmt":"2022-12-06T21:05:59","slug":"nosotros","status":"publish","type":"page","link":"https:\/\/fianzacredito.com.co\/net\/nosotros\/","title":{"rendered":"Nosotros"},"content":{"rendered":"\t\t<div data-elementor-type=\"wp-page\" data-elementor-id=\"13\" class=\"elementor elementor-13\">\n\t\t\t\t\t\t<section class=\"elementor-section elementor-top-section elementor-element elementor-element-96453ff elementor-section-full_width ptb-100 elementor-section-height-default elementor-section-height-default\" data-id=\"96453ff\" data-element_type=\"section\">\n\t\t\t\t\t\t<div class=\"elementor-container elementor-column-gap-no\">\n\t\t\t\t\t<div class=\"elementor-column elementor-col-100 elementor-top-column elementor-element elementor-element-4e66d6a\" data-id=\"4e66d6a\" data-element_type=\"column\">\n\t\t\t<div class=\"elementor-widget-wrap elementor-element-populated\">\n\t\t\t\t\t\t<div class=\"elementor-element elementor-element-cfe7d22 elementor-widget elementor-widget-About_Area\" data-id=\"cfe7d22\" data-element_type=\"widget\" data-widget_type=\"About_Area.default\">\n\t\t\t\t<div class=\"elementor-widget-container\">\n\t\t\t        <div class=\"about-area \">\r\n            <div class=\"container\">\r\n                <div class=\"row align-items-center\">\r\n                    <div class=\"col-lg-6 col-md-12\">\r\n                        <div class=\"about-content\">\r\n                                                            <span class=\"sub-title\">Acerca de nosotros<\/span>\r\n                            \r\n                            <h2 >\u00bfQui\u00e9nes somos?<\/h2>\r\n                            <p>FIANZACREDITO CENTRAL, hace parte del grupo econ\u00f3mico de afianzadoras del pa\u00eds m\u00e1s s\u00f3lido y grande a nivel Nacional, nos dan el\u00a0 respaldo y la garant\u00eda que necesitan nuestros clientes con el \u00fanico prop\u00f3sito de hacer de la administraci\u00f3n inmobiliaria una actividad confiable y segura,\u00a0 que facilite la gesti\u00f3n por parte de las inmobiliarias, agentes y propietarios y garantice a los inversionistas en inmuebles para renta, una seguridad econ\u00f3mica y una amplia protecci\u00f3n de su patrimonio.<\/p><div class=\"features-text\"><h6>Nuestra Visi\u00f3n<\/h6><p>Ser reconocidos a nivel nacional como la afianzadora m\u00e1s competente, rentable, y l\u00edder por su compromiso con los clientes y la excelencia en la calidad del servicio.<\/p><\/div><div class=\"features-text\"><h6>Nuestra Misi\u00f3n<\/h6><p>Fianzacr\u00e9dito Central proporcionar\u00e1 a las inmobiliarias, a los propietarios y a los arrendatarios de inmuebles la tranquilidad en el cumplimiento de las obligaciones de los contratos de arrendamiento a trav\u00e9s de nuestro portafolio de servicios a nivel nacional.<\/p><\/div>\r\n                            <div class=\"btn-box\">\r\n                               \r\n                                                           <\/div>\r\n                        <\/div>\r\n                    <\/div>\r\n\r\n                                            <div class=\"col-lg-6 col-md-12\">\r\n                            <div class=\"about-image\">\r\n                                <img decoding=\"async\" src=\"https:\/\/fianzacredito.com.co\/net\/wp-content\/uploads\/2022\/08\/nosotros1.png\" data-aos=\"fade-up\" alt=\"about image\">\r\n                            <\/div>\r\n                        <\/div>\r\n                                    <\/div>\r\n            <\/div>\r\n        <\/div>\r\n        \t\t<\/div>\n\t\t\t\t<\/div>\n\t\t\t\t\t<\/div>\n\t\t<\/div>\n\t\t\t\t\t<\/div>\n\t\t<\/section>\n\t\t\t\t<section class=\"elementor-section elementor-top-section elementor-element elementor-element-9b3aeb2 elementor-section-full_width funfacts-area pb-75 elementor-section-stretched elementor-section-height-default elementor-section-height-default\" data-id=\"9b3aeb2\" data-element_type=\"section\" data-settings=\"{&quot;stretch_section&quot;:&quot;section-stretched&quot;,&quot;background_background&quot;:&quot;gradient&quot;}\">\n\t\t\t\t\t\t\t<div class=\"elementor-background-overlay\"><\/div>\n\t\t\t\t\t\t\t<div class=\"elementor-container elementor-column-gap-no\">\n\t\t\t\t\t<div class=\"elementor-column elementor-col-100 elementor-top-column elementor-element elementor-element-d603f78\" data-id=\"d603f78\" data-element_type=\"column\">\n\t\t\t<div class=\"elementor-widget-wrap elementor-element-populated\">\n\t\t\t\t\t\t<div class=\"elementor-element elementor-element-8b837b9 elementor-widget elementor-widget-heading\" data-id=\"8b837b9\" data-element_type=\"widget\" data-widget_type=\"heading.default\">\n\t\t\t\t<div class=\"elementor-widget-container\">\n\t\t\t<h2 class=\"elementor-heading-title elementor-size-default\">NUESTROS VALORES CORPORATIVOS<\/h2>\t\t<\/div>\n\t\t\t\t<\/div>\n\t\t\t\t<section class=\"elementor-section elementor-inner-section elementor-element elementor-element-dbb6546 elementor-section-boxed elementor-section-height-default elementor-section-height-default\" data-id=\"dbb6546\" data-element_type=\"section\">\n\t\t\t\t\t\t<div class=\"elementor-container elementor-column-gap-default\">\n\t\t\t\t\t<div class=\"elementor-column elementor-col-100 elementor-inner-column elementor-element elementor-element-90bebf3\" data-id=\"90bebf3\" data-element_type=\"column\">\n\t\t\t<div class=\"elementor-widget-wrap elementor-element-populated\">\n\t\t\t\t\t\t<div class=\"elementor-element elementor-element-94f5e97 elementor-widget elementor-widget-text-editor\" data-id=\"94f5e97\" data-element_type=\"widget\" data-widget_type=\"text-editor.default\">\n\t\t\t\t<div class=\"elementor-widget-container\">\n\t\t\t\t\t\t\t<p><span style=\"color: #ffffff;\"><strong>Orientaci\u00f3n al cliente:<\/strong> Actitud permanente de nuestro recurso humano para entender, satisfacer y cumplir las necesidades de nuestros clientes, brindando soluciones oportunas con el servicio que ofrecemos.<\/span><\/p><p><span style=\"color: #ffffff;\"><strong>Solidez:<\/strong> Respaldo, liquidez y rentabilidad garantizando el pago de nuestras obligaciones econ\u00f3micas y el crecimiento sostenido de la Organizaci\u00f3n.<\/span><\/p><p><span style=\"color: #ffffff;\"><strong>Confidencialidad:<\/strong> Garantizamos a nuestros clientes, propietarios y arrendatarios, la privacidad absoluta de la informaci\u00f3n que nos entreguen para el desarrollo de nuestra actividad.<\/span><\/p><p><span style=\"color: #ffffff;\"><strong>Responsabilidad:<\/strong> En el cumplimiento de nuestros servicios en los tiempos establecidos con la calidad que los mismos requieren.<\/span><\/p><p><span style=\"color: #ffffff;\"><strong>Trabajo en Equipo:<\/strong> Compartiremos nuestras experiencias, conocimientos y esfuerzos con nuestros proveedores, clientes, y nuestro recurso humano para lograr los prop\u00f3sitos de crecimiento conjunto.<\/span><\/p><p><strong><span style=\"color: #ffffff;\">Solicitar peri\u00f3dicamente a la empresa informes sobre accidentalidad y enfermedades laborales con el objeto proponer soluciones de mejora en el desempe\u00f1o de la seguridad y salud en el trabajo.<\/span><\/strong><\/p>\t\t\t\t\t\t<\/div>\n\t\t\t\t<\/div>\n\t\t\t\t\t<\/div>\n\t\t<\/div>\n\t\t\t\t\t<\/div>\n\t\t<\/section>\n\t\t\t\t\t<\/div>\n\t\t<\/div>\n\t\t\t\t\t<\/div>\n\t\t<\/section>\n\t\t\t\t<section class=\"elementor-section elementor-top-section elementor-element elementor-element-b7fda7e elementor-section-full_width elementor-section-height-default elementor-section-height-default\" data-id=\"b7fda7e\" data-element_type=\"section\" data-settings=\"{&quot;background_background&quot;:&quot;classic&quot;}\">\n\t\t\t\t\t\t<div class=\"elementor-container elementor-column-gap-no\">\n\t\t\t\t\t<div class=\"elementor-column elementor-col-100 elementor-top-column elementor-element elementor-element-1fd7b01\" data-id=\"1fd7b01\" data-element_type=\"column\">\n\t\t\t<div class=\"elementor-widget-wrap elementor-element-populated\">\n\t\t\t\t\t\t<div class=\"elementor-element elementor-element-0ad9054 elementor-widget elementor-widget-App_Progress\" data-id=\"0ad9054\" data-element_type=\"widget\" data-widget_type=\"App_Progress.default\">\n\t\t\t\t<div class=\"elementor-widget-container\">\n\t\t\t\r\n                    <div class=\"app-progress-area bg-black ptb-100\">\r\n                <div class=\"container\">\r\n                    <div class=\"row align-items-center\">\r\n                                                    <div class=\"col-lg-6 col-md-12\">\r\n                                <div class=\"app-progress-image text-center\">\r\n                                    <img decoding=\"async\" src=\"https:\/\/fianzacredito.com.co\/net\/wp-content\/uploads\/2022\/12\/businessman-leader-in-modern-office-with-businesspeople-working.jpg\" alt=\"\u00bfPor qu\u00e9 Fianzacr\u00e9dito Central?\">\r\n                                <\/div>\r\n                            <\/div>\r\n                                                <div class=\"col-lg-6 col-md-12\">\r\n                            <div class=\"app-progress-content text-white\">\r\n                                <span class=\"sub-title\"><\/span>\r\n                                <h2 >\u00bfPor qu\u00e9 Fianzacr\u00e9dito Central?<\/h2>\r\n                                <p>Tenemos un Equipo de Analistas comprometidos con la aprobaci\u00f3n de estudios en 2 d\u00edas  h\u00e1biles.<\/p>\n<p>Brindamos alternativas de soluci\u00f3n para sus arrendatarios y deudores solidarios en caso tal que no cumplan con los requisitos establecidos en primera instancia.<\/p>\n<p>Contamos con cobertura a nivel nacional en 20 ciudades a trav\u00e9s de nuestra red de fianzas.<\/p>\n<p>Plan de Formaci\u00f3n Especializada: buscamos nuevos escenarios de capacitaci\u00f3n ya que estamos comprometidos en la formaci\u00f3n del sector inmobiliario.<\/p>\r\n                                                                    <a href=\"https:\/\/fianzacredito.com.co\/net\/app-download\/\" class=\"default-btn\">Cont\u00e1ctanos<\/a>\r\n                                                            <\/div>\r\n                        <\/div>\r\n                    <\/div>\r\n                <\/div>\r\n            <\/div>\r\n                \t\t<\/div>\n\t\t\t\t<\/div>\n\t\t\t\t\t<\/div>\n\t\t<\/div>\n\t\t\t\t\t<\/div>\n\t\t<\/section>\n\t\t\t\t<section class=\"elementor-section elementor-top-section elementor-element elementor-element-daa7b74 elementor-section-full_width elementor-section-height-default elementor-section-height-default\" data-id=\"daa7b74\" data-element_type=\"section\" data-settings=\"{&quot;background_background&quot;:&quot;gradient&quot;}\">\n\t\t\t\t\t\t<div class=\"elementor-container elementor-column-gap-default\">\n\t\t\t\t\t<div class=\"elementor-column elementor-col-100 elementor-top-column elementor-element elementor-element-e9319c5\" data-id=\"e9319c5\" data-element_type=\"column\">\n\t\t\t<div class=\"elementor-widget-wrap elementor-element-populated\">\n\t\t\t\t\t\t<section class=\"elementor-section elementor-inner-section elementor-element elementor-element-4dd3ecf elementor-section-boxed elementor-section-height-default elementor-section-height-default\" data-id=\"4dd3ecf\" data-element_type=\"section\">\n\t\t\t\t\t\t<div class=\"elementor-container elementor-column-gap-default\">\n\t\t\t\t\t<div class=\"elementor-column elementor-col-50 elementor-inner-column elementor-element elementor-element-4fa4e54\" data-id=\"4fa4e54\" data-element_type=\"column\">\n\t\t\t<div class=\"elementor-widget-wrap elementor-element-populated\">\n\t\t\t\t\t\t<div class=\"elementor-element elementor-element-5ab9226 elementor-widget elementor-widget-heading\" data-id=\"5ab9226\" data-element_type=\"widget\" data-widget_type=\"heading.default\">\n\t\t\t\t<div class=\"elementor-widget-container\">\n\t\t\t<h2 class=\"elementor-heading-title elementor-size-default\">Equipo de trabajo: <\/h2>\t\t<\/div>\n\t\t\t\t<\/div>\n\t\t\t\t<div class=\"elementor-element elementor-element-eace384 elementor-widget elementor-widget-text-editor\" data-id=\"eace384\" data-element_type=\"widget\" data-widget_type=\"text-editor.default\">\n\t\t\t\t<div class=\"elementor-widget-container\">\n\t\t\t\t\t\t\t<p><span style=\"color: #ffffff;\"><strong>FIANZACREDITO CENTRAL,<\/strong> cuenta con un equipo de trabajo a su servicio, conformado por una Junta directiva, Gerencia, Analista de Estudios y Fianzas, Gestor de Cartera, Comit\u00e9 de estudios y fianzas y un grupo de Abogados expertos. Conformando as\u00ed un equipo competente y calificado para atender los requerimientos de los clientes.<\/span><\/p>\t\t\t\t\t\t<\/div>\n\t\t\t\t<\/div>\n\t\t\t\t<div class=\"elementor-element elementor-element-10ab24c elementor-align-left elementor-widget elementor-widget-button\" data-id=\"10ab24c\" data-element_type=\"widget\" data-widget_type=\"button.default\">\n\t\t\t\t<div class=\"elementor-widget-container\">\n\t\t\t\t\t<div class=\"elementor-button-wrapper\">\n\t\t\t<a class=\"elementor-button elementor-button-link elementor-size-md\" href=\"https:\/\/web.whatsapp.com\/send?phone=573174280082\">\n\t\t\t\t\t\t<span class=\"elementor-button-content-wrapper\">\n\t\t\t\t\t\t\t\t\t<span class=\"elementor-button-text\">\u00c1rea Comercial<\/span>\n\t\t\t\t\t<\/span>\n\t\t\t\t\t<\/a>\n\t\t<\/div>\n\t\t\t\t<\/div>\n\t\t\t\t<\/div>\n\t\t\t\t<div class=\"elementor-element elementor-element-f16d42a elementor-align-left elementor-widget elementor-widget-button\" data-id=\"f16d42a\" data-element_type=\"widget\" data-widget_type=\"button.default\">\n\t\t\t\t<div class=\"elementor-widget-container\">\n\t\t\t\t\t<div class=\"elementor-button-wrapper\">\n\t\t\t<a class=\"elementor-button elementor-button-link elementor-size-md\" href=\"https:\/\/web.whatsapp.com\/send?phone=573156388800\">\n\t\t\t\t\t\t<span class=\"elementor-button-content-wrapper\">\n\t\t\t\t\t\t\t\t\t<span class=\"elementor-button-text\">\u00c1rea de Estudios y Fianzas<\/span>\n\t\t\t\t\t<\/span>\n\t\t\t\t\t<\/a>\n\t\t<\/div>\n\t\t\t\t<\/div>\n\t\t\t\t<\/div>\n\t\t\t\t\t<\/div>\n\t\t<\/div>\n\t\t\t\t<div class=\"elementor-column elementor-col-50 elementor-inner-column elementor-element elementor-element-39ab19c\" data-id=\"39ab19c\" data-element_type=\"column\">\n\t\t\t<div class=\"elementor-widget-wrap elementor-element-populated\">\n\t\t\t\t\t\t<div class=\"elementor-element elementor-element-9aa5bf2 elementor-widget elementor-widget-image\" data-id=\"9aa5bf2\" data-element_type=\"widget\" data-widget_type=\"image.default\">\n\t\t\t\t<div class=\"elementor-widget-container\">\n\t\t\t\t\t\t\t\t\t\t\t\t\t<img fetchpriority=\"high\" decoding=\"async\" width=\"579\" height=\"532\" src=\"https:\/\/fianzacredito.com.co\/net\/wp-content\/uploads\/2022\/08\/nosotros2.jpg\" class=\"attachment-large size-large wp-image-2373\" alt=\"\" srcset=\"https:\/\/fianzacredito.com.co\/net\/wp-content\/uploads\/2022\/08\/nosotros2.jpg 579w, https:\/\/fianzacredito.com.co\/net\/wp-content\/uploads\/2022\/08\/nosotros2-300x276.jpg 300w\" sizes=\"(max-width: 579px) 100vw, 579px\" \/>\t\t\t\t\t\t\t\t\t\t\t\t\t<\/div>\n\t\t\t\t<\/div>\n\t\t\t\t\t<\/div>\n\t\t<\/div>\n\t\t\t\t\t<\/div>\n\t\t<\/section>\n\t\t\t\t\t<\/div>\n\t\t<\/div>\n\t\t\t\t\t<\/div>\n\t\t<\/section>\n\t\t\t\t<div class=\"elementor-section elementor-top-section elementor-element elementor-element-7a60e4d elementor-section-full_width bg-f9f9f9 elementor-section-height-default elementor-section-height-default\" data-id=\"7a60e4d\" data-element_type=\"section\" data-settings=\"{&quot;background_background&quot;:&quot;classic&quot;}\">\n\t\t\t\t\t\t<div class=\"elementor-container elementor-column-gap-no\">\n\t\t\t\t\t<div class=\"elementor-column elementor-col-100 elementor-top-column elementor-element elementor-element-2562883\" data-id=\"2562883\" data-element_type=\"column\">\n\t\t\t<div class=\"elementor-widget-wrap elementor-element-populated\">\n\t\t\t\t\t\t<div class=\"elementor-element elementor-element-d4245b1 elementor-widget elementor-widget-Partner_Logo\" data-id=\"d4245b1\" data-element_type=\"widget\" data-widget_type=\"Partner_Logo.default\">\n\t\t\t\t<div class=\"elementor-widget-container\">\n\t\t\t                    <div class=\"partner-area  ptb-100\">\r\n                <div class=\"container\">\r\n                    <div class=\"partner-title\">\r\n                        NUESTROS ALIADOS                    <\/div>\r\n                    <div class=\"partner-box\">\r\n                        <div class=\"partner-slides owl-carousel owl-theme\">\r\n                                                            <div class=\"partner-item\">\r\n                                    <a href=\"#\"><img decoding=\"async\" src=\"https:\/\/fianzacredito.com.co\/net\/wp-content\/uploads\/2022\/09\/fianza-credito-cucuta.jpg\" alt=\"Partner Logo\"><\/a>\r\n                                <\/div>\r\n                                                            <div class=\"partner-item\">\r\n                                    <a href=\"#\"><img decoding=\"async\" src=\"https:\/\/fianzacredito.com.co\/net\/wp-content\/uploads\/2022\/09\/fianzacredito-inmobiliario-santander-300x52-1.jpg\" alt=\"Partner Logo\"><\/a>\r\n                                <\/div>\r\n                                                            <div class=\"partner-item\">\r\n                                    <a href=\"#\"><img decoding=\"async\" src=\"https:\/\/fianzacredito.com.co\/net\/wp-content\/uploads\/2022\/09\/fianza-credito-caribe-300x94-1.jpg\" alt=\"Partner Logo\"><\/a>\r\n                                <\/div>\r\n                                                            <div class=\"partner-item\">\r\n                                    <a href=\"#\"><img decoding=\"async\" src=\"https:\/\/fianzacredito.com.co\/net\/wp-content\/uploads\/2022\/09\/fianza-credito.jpg\" alt=\"Partner Logo\"><\/a>\r\n                                <\/div>\r\n                                                            <div class=\"partner-item\">\r\n                                    <a href=\"#\"><img decoding=\"async\" src=\"https:\/\/fianzacredito.com.co\/net\/wp-content\/uploads\/2022\/12\/fianza-inmobiliaria-de-bogota-2.png\" alt=\"Partner Logo\"><\/a>\r\n                                <\/div>\r\n                                                            <div class=\"partner-item\">\r\n                                    <a href=\"#\"><img decoding=\"async\" src=\"https:\/\/fianzacredito.com.co\/net\/wp-content\/uploads\/2022\/12\/ASOFIANZAS-300x86-1.png\" alt=\"Partner Logo\"><\/a>\r\n                                <\/div>\r\n                                                            <div class=\"partner-item\">\r\n                                    <a href=\"#\"><img decoding=\"async\" src=\"https:\/\/fianzacredito.com.co\/net\/wp-content\/uploads\/2022\/12\/fiansemos-300x92-1.jpeg\" alt=\"Partner Logo\"><\/a>\r\n                                <\/div>\r\n                                                    <\/div>\r\n                    <\/div>\r\n                <\/div>\r\n            <\/div>\r\n                \t\t<\/div>\n\t\t\t\t<\/div>\n\t\t\t\t\t<\/div>\n\t\t<\/div>\n\t\t\t\t\t<\/div>\n\t\t<\/div>\n\t\t\t\t<\/div>\n\t\t","protected":false},"excerpt":{"rendered":"<p>Acerca de nosotros \u00bfQui\u00e9nes somos? FIANZACREDITO CENTRAL, hace parte del grupo econ\u00f3mico de afianzadoras del pa\u00eds m\u00e1s s\u00f3lido y grande a nivel Nacional, nos dan el\u00a0 respaldo y la garant\u00eda que necesitan nuestros clientes con el \u00fanico prop\u00f3sito de hacer de la administraci\u00f3n inmobiliaria una actividad confiable y segura,\u00a0 que facilite la gesti\u00f3n por parte <\/p>\n","protected":false},"author":1,"featured_media":0,"parent":0,"menu_order":0,"comment_status":"closed","ping_status":"closed","template":"","meta":{"_joinchat":[],"footnotes":""},"class_list":["post-13","page","type-page","status-publish","hentry"],"acf":[],"_links":{"self":[{"href":"https:\/\/fianzacredito.com.co\/net\/wp-json\/wp\/v2\/pages\/13","targetHints":{"allow":["GET"]}}],"collection":[{"href":"https:\/\/fianzacredito.com.co\/net\/wp-json\/wp\/v2\/pages"}],"about":[{"href":"https:\/\/fianzacredito.com.co\/net\/wp-json\/wp\/v2\/types\/page"}],"author":[{"embeddable":true,"href":"https:\/\/fianzacredito.com.co\/net\/wp-json\/wp\/v2\/users\/1"}],"replies":[{"embeddable":true,"href":"https:\/\/fianzacredito.com.co\/net\/wp-json\/wp\/v2\/comments?post=13"}],"version-history":[{"count":106,"href":"https:\/\/fianzacredito.com.co\/net\/wp-json\/wp\/v2\/pages\/13\/revisions"}],"predecessor-version":[{"id":2572,"href":"https:\/\/fianzacredito.com.co\/net\/wp-json\/wp\/v2\/pages\/13\/revisions\/2572"}],"wp:attachment":[{"href":"https:\/\/fianzacredito.com.co\/net\/wp-json\/wp\/v2\/media?parent=13"}],"curies":[{"name":"wp","href":"https:\/\/api.w.org\/{rel}","templated":true}]}}